{"id":6,"date":"2021-11-11T17:06:37","date_gmt":"2021-11-11T16:06:37","guid":{"rendered":"http:\/\/v3.allnet-consulting-betrug.com\/?page_id=6"},"modified":"2021-11-26T13:38:55","modified_gmt":"2021-11-26T12:38:55","slug":"orhan-cicek-betrueger","status":"publish","type":"page","link":"https:\/\/v3.allnet-consulting-betrug.com\/","title":{"rendered":"Orhan Cicek"},"content":{"rendered":"\t\t<div data-elementor-type=\"wp-page\" data-elementor-id=\"6\" class=\"elementor elementor-6\" data-elementor-settings=\"[]\">\n\t\t\t\t\t\t\t<div class=\"elementor-section-wrap\">\n\t\t\t\t\t\t\t<section class=\"elementor-section elementor-top-section elementor-element elementor-element-605216f elementor-section-boxed elementor-section-height-default elementor-section-height-default\" data-id=\"605216f\" data-element_type=\"section\" data-settings=\"{&quot;background_background&quot;:&quot;classic&quot;}\">\n\t\t\t\t\t\t<div class=\"elementor-container elementor-column-gap-default\">\n\t\t\t\t\t<div class=\"elementor-column elementor-col-100 elementor-top-column elementor-element elementor-element-71e675b\" data-id=\"71e675b\" data-element_type=\"column\">\n\t\t\t<div class=\"elementor-widget-wrap elementor-element-populated\">\n\t\t\t\t\t\t\t\t<div class=\"elementor-element elementor-element-298cb69 elementor-widget elementor-widget-heading\" data-id=\"298cb69\" data-element_type=\"widget\" data-widget_type=\"heading.default\">\n\t\t\t\t<div class=\"elementor-widget-container\">\n\t\t\t<h1 class=\"elementor-heading-title elementor-size-default\">Orhan Cicek ist eine schreckliche Person mit krimineller  Vergangenheit!! Vorsicht !!<\/h1>\t\t<\/div>\n\t\t\t\t<\/div>\n\t\t\t\t\t<\/div>\n\t\t<\/div>\n\t\t\t\t\t\t\t<\/div>\n\t\t<\/section>\n\t\t\t\t<section class=\"elementor-section elementor-top-section elementor-element elementor-element-9a11b18 elementor-section-boxed elementor-section-height-default elementor-section-height-default\" data-id=\"9a11b18\" data-element_type=\"section\">\n\t\t\t\t\t\t<div class=\"elementor-container elementor-column-gap-default\">\n\t\t\t\t\t<div class=\"elementor-column elementor-col-100 elementor-top-column elementor-element elementor-element-fe087f0\" data-id=\"fe087f0\" data-element_type=\"column\">\n\t\t\t<div class=\"elementor-widget-wrap elementor-element-populated\">\n\t\t\t\t\t\t\t\t<div class=\"elementor-element elementor-element-287dbbd elementor-widget elementor-widget-text-editor\" data-id=\"287dbbd\" data-element_type=\"widget\" data-widget_type=\"text-editor.default\">\n\t\t\t\t<div class=\"elementor-widget-container\">\n\t\t\t\t\t\t\t<p class=\"p1\" style=\"font-size:20px;\">Ich kannte Orhan schon ein paar Jahre, bevor ihm die Idee zu Allnet Consulting kam. In unserer gemeinsamen Zeit in Stadthagen habe ich ihn als einen sehr aggressiven Menschen mit einer gewaltigen kriminellen Energie kennengelernt. Damals fiel er schon immer, durch K\u00f6rperverletzung und betr\u00fcgerische Maschen, auf. Eigentlich war er aber ein Kleinkrimineller, ein kleines Licht, der sich bei den Gr\u00f6\u00dferen immer beliebt machen wollte. Wenn diese dann aber nicht mehr anwesend waren, stieg sein Ego auf einmal an und er zeigte seine wahre Seite: Gr\u00f6\u00dfenwahnsinnig, Cholerisch und Aggressiv! Dann schrie er herum und meinte Anweisungen erteilen zu k\u00f6nnen. Allerdings nur, wenn er das Gef\u00fchl hatte, der St\u00e4rkste im Raum zu sein, sonst war er immer ganz still und folgsam.&nbsp;<\/p>\t\t\t\t\t\t<\/div>\n\t\t\t\t<\/div>\n\t\t\t\t<div class=\"elementor-element elementor-element-86e3122 elementor-widget elementor-widget-text-editor\" data-id=\"86e3122\" data-element_type=\"widget\" data-widget_type=\"text-editor.default\">\n\t\t\t\t<div class=\"elementor-widget-container\">\n\t\t\t\t\t\t\t<p class=\"p1\" style=\"font-size: 20px;\">Er war nie besonders schlau und schon gar nicht ehrenhaft, hat jeden betrogen und verraten, wenn er sich dadurch einen Vorteil versprochen hat. Als dann irgendwann in Deutschland eine weitere Anzeige auf ihn wartete, flieh er in die T\u00fcrkei wo er dann sein, bis dato, gr\u00f6\u00dftes Projekt aufzog. Im Vorfeld hat er mir immer schon von seinen verr\u00fcckten Ideen erz\u00e4hlt, wie man, mit dem Ausbeuten und Betr\u00fcgen von anderen Menschen, m\u00f6glichst viel Geld verdient. Dabei waren vor Allem alte und geistig eingeschr\u00e4nkte Menschen sein Ziel, da es bei denen besonders einfach ging.<\/p>\t\t\t\t\t\t<\/div>\n\t\t\t\t<\/div>\n\t\t\t\t\t<\/div>\n\t\t<\/div>\n\t\t\t\t\t\t\t<\/div>\n\t\t<\/section>\n\t\t\t\t<section class=\"elementor-section elementor-top-section elementor-element elementor-element-2c4dce1 elementor-section-boxed elementor-section-height-default elementor-section-height-default\" data-id=\"2c4dce1\" data-element_type=\"section\" data-settings=\"{&quot;background_background&quot;:&quot;classic&quot;}\">\n\t\t\t\t\t\t<div class=\"elementor-container elementor-column-gap-default\">\n\t\t\t\t\t<div class=\"elementor-column elementor-col-100 elementor-top-column elementor-element elementor-element-fa86d77\" data-id=\"fa86d77\" data-element_type=\"column\">\n\t\t\t<div class=\"elementor-widget-wrap elementor-element-populated\">\n\t\t\t\t\t\t\t\t<div class=\"elementor-element elementor-element-7360530 elementor-widget elementor-widget-heading\" data-id=\"7360530\" data-element_type=\"widget\" data-widget_type=\"heading.default\">\n\t\t\t\t<div class=\"elementor-widget-container\">\n\t\t\t<h2 class=\"elementor-heading-title elementor-size-default\">Gef\u00e4hrliches Betr\u00fcger-Netzwerk!!!<\/h2>\t\t<\/div>\n\t\t\t\t<\/div>\n\t\t\t\t\t<\/div>\n\t\t<\/div>\n\t\t\t\t\t\t\t<\/div>\n\t\t<\/section>\n\t\t\t\t<section class=\"elementor-section elementor-top-section elementor-element elementor-element-4a26f46 elementor-section-boxed elementor-section-height-default elementor-section-height-default\" data-id=\"4a26f46\" data-element_type=\"section\">\n\t\t\t\t\t\t<div class=\"elementor-container elementor-column-gap-default\">\n\t\t\t\t\t<div class=\"elementor-column elementor-col-100 elementor-top-column elementor-element elementor-element-c508b23\" data-id=\"c508b23\" data-element_type=\"column\">\n\t\t\t<div class=\"elementor-widget-wrap elementor-element-populated\">\n\t\t\t\t\t\t\t\t<div class=\"elementor-element elementor-element-1d77e89 elementor-widget elementor-widget-text-editor\" data-id=\"1d77e89\" data-element_type=\"widget\" data-widget_type=\"text-editor.default\">\n\t\t\t\t<div class=\"elementor-widget-container\">\n\t\t\t\t\t\t\t<p style=\"font-size: 20px;\">Aus der T\u00fcrkei steuert er nun dieses Netzwerk, dessen einziger Zweck es ist, Leute zu verarschen und diesen, mit kriminellen Maschen, ihr hart verdientes Geld aus den Taschen zu ziehen. So wie ich ihn kenne, schreckt er dabei vor nichts zur\u00fcck.<\/p><p style=\"font-size: 20px;\"><strong>Fallt nicht auf ihn rein!!!!!!!!<\/strong><\/p>\t\t\t\t\t\t<\/div>\n\t\t\t\t<\/div>\n\t\t\t\t<div class=\"elementor-element elementor-element-124ec8d elementor-widget elementor-widget-text-editor\" data-id=\"124ec8d\" data-element_type=\"widget\" data-widget_type=\"text-editor.default\">\n\t\t\t\t<div class=\"elementor-widget-container\">\n\t\t\t\t\t\t\t<p style=\"font-size: 20px;\">Mehr zu seiner Firma Allnet Consulting erfahrt ihr \u00fcber diese Links:<\/p>\t\t\t\t\t\t<\/div>\n\t\t\t\t<\/div>\n\t\t\t\t<div class=\"elementor-element elementor-element-afbcbaf elementor-widget elementor-widget-text-editor\" data-id=\"afbcbaf\" data-element_type=\"widget\" data-widget_type=\"text-editor.default\">\n\t\t\t\t<div class=\"elementor-widget-container\">\n\t\t\t\t\t\t\t<a href=\"http:\/\/www.allnet-consulting.com\" style=\"color: red; font-size: 19px;\">http:\/\/www.allnet-consulting.com<\/a>\t\t\t\t\t\t<\/div>\n\t\t\t\t<\/div>\n\t\t\t\t<div class=\"elementor-element elementor-element-d9bea4c elementor-widget elementor-widget-text-editor\" data-id=\"d9bea4c\" data-element_type=\"widget\" data-widget_type=\"text-editor.default\">\n\t\t\t\t<div class=\"elementor-widget-container\">\n\t\t\t\t\t\t\t<a href=\"https:\/\/www.instagram.com\/allnet_consulting\" style=\"color: red; font-size: 19px;\">https:\/\/www.instagram.com\/allnet_consulting<\/a>\t\t\t\t\t\t<\/div>\n\t\t\t\t<\/div>\n\t\t\t\t\t<\/div>\n\t\t<\/div>\n\t\t\t\t\t\t\t<\/div>\n\t\t<\/section>\n\t\t\t\t\t\t<\/div>\n\t\t\t\t\t<\/div>\n\t\t","protected":false},"excerpt":{"rendered":"<p>Orhan Cicek ist eine schreckliche Person mit krimineller Vergangenheit!! Vorsicht !! Ich kannte Orhan schon ein paar Jahre, bevor ihm die Idee zu Allnet Consulting kam. In unserer gemeinsamen Zeit in Stadthagen habe ich ihn als einen sehr aggressiven Menschen mit einer gewaltigen kriminellen Energie kennengelernt. Damals fiel er schon immer, durch K\u00f6rperverletzung und betr\u00fcgerische [&hellip;]<\/p>\n","protected":false},"author":1,"featured_media":0,"parent":0,"menu_order":0,"comment_status":"closed","ping_status":"closed","template":"","meta":{"footnotes":""},"class_list":["post-6","page","type-page","status-publish","hentry"],"yoast_head":"<!-- This site is optimized with the Yoast SEO plugin v17.5 - https:\/\/yoast.com\/wordpress\/plugins\/seo\/ -->\n<title>Orhan Cicek und seine Firma Allnet Consulting sind gef\u00e4hrlich<\/title>\n<meta name=\"description\" content=\"Orhan Cicek ist ein Vebrecher der schlimmsten Sorte. Seine Firma Allnet Consulting legen alle Kunden und Mitarbeiter aufs Kreuz. Vorsicht!!\" \/>\n<meta name=\"robots\" content=\"noindex, follow, max-snippet:-1, max-image-preview:large, max-video-preview:-1\" \/>\n<meta property=\"og:locale\" content=\"de_DE\" \/>\n<meta property=\"og:type\" content=\"article\" \/>\n<meta property=\"og:title\" content=\"Orhan Cicek und seine Firma Allnet Consulting sind gef\u00e4hrlich\" \/>\n<meta property=\"og:description\" content=\"Orhan Cicek ist ein Vebrecher der schlimmsten Sorte. Seine Firma Allnet Consulting legen alle Kunden und Mitarbeiter aufs Kreuz. Vorsicht!!\" \/>\n<meta property=\"og:url\" content=\"https:\/\/v3.allnet-consulting-betrug.com\/\" \/>\n<meta property=\"og:site_name\" content=\"Orhan Cicek und seine Firma Allnet Consulting sind gef\u00e4hrlich!\" \/>\n<meta property=\"article:modified_time\" content=\"2021-11-26T12:38:55+00:00\" \/>\n<meta name=\"twitter:card\" content=\"summary_large_image\" \/>\n<meta name=\"twitter:label1\" content=\"Gesch\u00e4tzte Lesezeit\" \/>\n\t<meta name=\"twitter:data1\" content=\"2\u00a0Minuten\" \/>\n<script type=\"application\/ld+json\" class=\"yoast-schema-graph\">{\"@context\":\"https:\/\/schema.org\",\"@graph\":[{\"@type\":\"WebSite\",\"@id\":\"http:\/\/v3.allnet-consulting-betrug.com\/#website\",\"url\":\"http:\/\/v3.allnet-consulting-betrug.com\/\",\"name\":\"Orhan Cicek und seine Firma Allnet Consulting sind gef\\u00e4hrlich!\",\"description\":\"\",\"potentialAction\":[{\"@type\":\"SearchAction\",\"target\":{\"@type\":\"EntryPoint\",\"urlTemplate\":\"http:\/\/v3.allnet-consulting-betrug.com\/?s={search_term_string}\"},\"query-input\":\"required name=search_term_string\"}],\"inLanguage\":\"de\"},{\"@type\":\"WebPage\",\"@id\":\"https:\/\/v3.allnet-consulting-betrug.com\/#webpage\",\"url\":\"https:\/\/v3.allnet-consulting-betrug.com\/\",\"name\":\"Orhan Cicek und seine Firma Allnet Consulting sind gef\\u00e4hrlich\",\"isPartOf\":{\"@id\":\"http:\/\/v3.allnet-consulting-betrug.com\/#website\"},\"datePublished\":\"2021-11-11T16:06:37+00:00\",\"dateModified\":\"2021-11-26T12:38:55+00:00\",\"description\":\"Orhan Cicek ist ein Vebrecher der schlimmsten Sorte. Seine Firma Allnet Consulting legen alle Kunden und Mitarbeiter aufs Kreuz. Vorsicht!!\",\"breadcrumb\":{\"@id\":\"https:\/\/v3.allnet-consulting-betrug.com\/#breadcrumb\"},\"inLanguage\":\"de\",\"potentialAction\":[{\"@type\":\"ReadAction\",\"target\":[\"https:\/\/v3.allnet-consulting-betrug.com\/\"]}]},{\"@type\":\"BreadcrumbList\",\"@id\":\"https:\/\/v3.allnet-consulting-betrug.com\/#breadcrumb\",\"itemListElement\":[{\"@type\":\"ListItem\",\"position\":1,\"name\":\"Startseite\",\"item\":\"https:\/\/v3.allnet-consulting-betrug.com\/\"},{\"@type\":\"ListItem\",\"position\":2,\"name\":\"Orhan Cicek\"}]}]}<\/script>\n<!-- \/ Yoast SEO plugin. -->","yoast_head_json":{"title":"Orhan Cicek und seine Firma Allnet Consulting sind gef\u00e4hrlich","description":"Orhan Cicek ist ein Vebrecher der schlimmsten Sorte. Seine Firma Allnet Consulting legen alle Kunden und Mitarbeiter aufs Kreuz. Vorsicht!!","robots":{"index":"noindex","follow":"follow","max-snippet":"max-snippet:-1","max-image-preview":"max-image-preview:large","max-video-preview":"max-video-preview:-1"},"og_locale":"de_DE","og_type":"article","og_title":"Orhan Cicek und seine Firma Allnet Consulting sind gef\u00e4hrlich","og_description":"Orhan Cicek ist ein Vebrecher der schlimmsten Sorte. Seine Firma Allnet Consulting legen alle Kunden und Mitarbeiter aufs Kreuz. Vorsicht!!","og_url":"https:\/\/v3.allnet-consulting-betrug.com\/","og_site_name":"Orhan Cicek und seine Firma Allnet Consulting sind gef\u00e4hrlich!","article_modified_time":"2021-11-26T12:38:55+00:00","twitter_card":"summary_large_image","twitter_misc":{"Gesch\u00e4tzte Lesezeit":"2\u00a0Minuten"},"schema":{"@context":"https:\/\/schema.org","@graph":[{"@type":"WebSite","@id":"http:\/\/v3.allnet-consulting-betrug.com\/#website","url":"http:\/\/v3.allnet-consulting-betrug.com\/","name":"Orhan Cicek und seine Firma Allnet Consulting sind gef\u00e4hrlich!","description":"","potentialAction":[{"@type":"SearchAction","target":{"@type":"EntryPoint","urlTemplate":"http:\/\/v3.allnet-consulting-betrug.com\/?s={search_term_string}"},"query-input":"required name=search_term_string"}],"inLanguage":"de"},{"@type":"WebPage","@id":"https:\/\/v3.allnet-consulting-betrug.com\/#webpage","url":"https:\/\/v3.allnet-consulting-betrug.com\/","name":"Orhan Cicek und seine Firma Allnet Consulting sind gef\u00e4hrlich","isPartOf":{"@id":"http:\/\/v3.allnet-consulting-betrug.com\/#website"},"datePublished":"2021-11-11T16:06:37+00:00","dateModified":"2021-11-26T12:38:55+00:00","description":"Orhan Cicek ist ein Vebrecher der schlimmsten Sorte. Seine Firma Allnet Consulting legen alle Kunden und Mitarbeiter aufs Kreuz. Vorsicht!!","breadcrumb":{"@id":"https:\/\/v3.allnet-consulting-betrug.com\/#breadcrumb"},"inLanguage":"de","potentialAction":[{"@type":"ReadAction","target":["https:\/\/v3.allnet-consulting-betrug.com\/"]}]},{"@type":"BreadcrumbList","@id":"https:\/\/v3.allnet-consulting-betrug.com\/#breadcrumb","itemListElement":[{"@type":"ListItem","position":1,"name":"Startseite","item":"https:\/\/v3.allnet-consulting-betrug.com\/"},{"@type":"ListItem","position":2,"name":"Orhan Cicek"}]}]}},"_links":{"self":[{"href":"https:\/\/v3.allnet-consulting-betrug.com\/index.php\/wp-json\/wp\/v2\/pages\/6","targetHints":{"allow":["GET"]}}],"collection":[{"href":"https:\/\/v3.allnet-consulting-betrug.com\/index.php\/wp-json\/wp\/v2\/pages"}],"about":[{"href":"https:\/\/v3.allnet-consulting-betrug.com\/index.php\/wp-json\/wp\/v2\/types\/page"}],"author":[{"embeddable":true,"href":"https:\/\/v3.allnet-consulting-betrug.com\/index.php\/wp-json\/wp\/v2\/users\/1"}],"replies":[{"embeddable":true,"href":"https:\/\/v3.allnet-consulting-betrug.com\/index.php\/wp-json\/wp\/v2\/comments?post=6"}],"version-history":[{"count":36,"href":"https:\/\/v3.allnet-consulting-betrug.com\/index.php\/wp-json\/wp\/v2\/pages\/6\/revisions"}],"predecessor-version":[{"id":58,"href":"https:\/\/v3.allnet-consulting-betrug.com\/index.php\/wp-json\/wp\/v2\/pages\/6\/revisions\/58"}],"wp:attachment":[{"href":"https:\/\/v3.allnet-consulting-betrug.com\/index.php\/wp-json\/wp\/v2\/media?parent=6"}],"curies":[{"name":"wp","href":"https:\/\/api.w.org\/{rel}","templated":true}]}}